{"id":147,"date":"2021-05-12T15:59:26","date_gmt":"2021-05-12T15:59:26","guid":{"rendered":"http:\/\/new.biscuitway.com\/?page_id=147"},"modified":"2024-03-29T15:03:00","modified_gmt":"2024-03-29T15:03:00","slug":"privacy-policy-2","status":"publish","type":"page","link":"https:\/\/biscuitway.com\/it\/privacy-policy-2\/","title":{"rendered":"Privacy and data protection policy"},"content":{"rendered":"\n<p><strong>INFORMATIVA PRIVACY<\/strong><\/p>\n\n\n\n<p>Ai sensi del Regolamento UE 2016\/679 (di seguito \u201c<strong>GDPR<\/strong>\u201d) e della normativa nazionale vigente in materia di protezione dei dati personali (di seguito la \u201c<strong>Normativa Privacy<\/strong>\u201d), Biscuitway S.R.L. con sede in Catania, Via Cardinale Pappalardo, 23 (di seguito \u201c<strong>Biscuitway<\/strong>\u201d o il \u201c<strong>Titolare<\/strong>\u201d), in qualit\u00e0 di Titolare del trattamento, \u00e8 tenuta a fornire l\u2019Informativa relativa all\u2019utilizzo dei dati personali.<\/p>\n\n\n\n<p><strong>Perch\u00e9 questo avviso<\/strong><\/p>\n\n\n\n<p>In questa pagina si descrivono le modalit\u00e0 di gestione del sito di Biscuitway in quanto a seguito della consultazione di questo sito da parte degli utenti possono essere trattati dati relativi a persone identificate o identificabili.<\/p>\n\n\n\n<p>Si tratta di un&#8217;informativa che \u00e8 resa ai sensi dell&#8217;art. 13 del GDPR e della Normativa Privacy a coloro che interagiscono con i servizi web di Biscuitway, accessibili per via telematica a partire dall\u2019indirizzo: https:\/\/biscuitway.com\/it, corrispondente alla pagina iniziale del sito di Biscuitway.<\/p>\n\n\n\n<p>L&#8217;informativa \u00e8 resa solo per il sito web di Biscuitway e non anche per altri siti web eventualmente consultati dall&#8217;utente tramite link.<\/p>\n\n\n\n<p><strong>Titolare del trattamento<\/strong><\/p>\n\n\n\n<p>Il Titolare del trattamento \u00e8 Biscuitway S.r.l., con sede in Catania, Via Cardinale Pappalardo n. 23.<\/p>\n\n\n\n<p><strong>Luogo di trattamento<\/strong><\/p>\n\n\n\n<p>I dati connessi ai servizi web di questo sito hanno luogo presso la predetta sede di Biscuitway e sono curati dai responsabili del trattamento designati ai sensi della Normativa Privacy.<\/p>\n\n\n\n<p>Nessun dato personale derivante dal servizio web viene diffuso. I dati personali forniti dagli utenti sono utilizzati al solo fine di eseguire il servizio e sono comunicati a terzi nel solo caso in cui ci\u00f2 sia a tal fine necessario.<\/p>\n\n\n\n<p><strong>TIPOLOGIE DI DATI TRATTATI<\/strong><\/p>\n\n\n\n<p><strong>Dati di navigazione<\/strong><\/p>\n\n\n\n<p>I sistemi informatici e le procedure software relative al funzionamento di questo sito web acquisiscono, nel corso del loro normale esercizio, alcuni dati personali la cui trasmissione \u00e8 implicita nell&#8217;uso dei protocolli di comunicazione di internet.<\/p>\n\n\n\n<p>Si tratta di informazioni che non sono raccolte per essere associate a interessati identificati, ma che per loro stessa natura potrebbero, attraverso elaborazioni ed associazioni con dati detenuti da terzi, permettere di identificare gli utenti.<\/p>\n\n\n\n<p>In questa categoria di dati rientrano gli indirizzi IP o i nomi a dominio dei computer utilizzati dagli utenti che si connettono al sito, gli indirizzi in notazione URI (Uniform Resource Identifier) delle risorse richieste, l&#8217;orario della richiesta, il metodo utilizzato nel sottoporre la richiesta al server, la dimensione del file ottenuto in risposta, il codice numerico indicante lo stato della risposta data dal<\/p>\n\n\n\n<p>server (buon fine, errore, ecc.) ed altri parametri relativi al sistema operativo e all&#8217;ambiente informatico dell&#8217;utente.<\/p>\n\n\n\n<p>Questi dati vengono utilizzati ai soli fini di:<\/p>\n\n\n\n<p>\u2022 ricavare informazioni statistiche anonime sull&#8217;uso del sito;<\/p>\n\n\n\n<p>\u2022 controllare il corretto funzionamento del sito;<\/p>\n\n\n\n<p>\u2022 svolgere attivit\u00e0 di monitoraggio a supporto della sicurezza del servizio.<\/p>\n\n\n\n<p>I dati potrebbero essere conservati ed utilizzati per l&#8217;accertamento di responsabilit\u00e0 in caso di ipotetici reati informatici ai danni del sito web di Biscuitway; salva questa eventualit\u00e0, allo stato i dati sui contatti web persistono per un arco di tempo non superiore al conseguimento delle finalit\u00e0 per le quali gli stessi sono trattati.<\/p>\n\n\n\n<p><strong>Dati forniti volontariamente dall&#8217;utente<\/strong><\/p>\n\n\n\n<p>L&#8217;inserimento libero, esplicito e volontario di dati personali da parte dell&#8217;utente su questo sito comporta la successiva acquisizione degli stessi, necessari per l&#8217;erogazione del servizio richiesto.<\/p>\n\n\n\n<p><strong>Cookies<\/strong><\/p>\n\n\n\n<p>I cookies sono piccoli files di testo che vengono inviati sul tuo dispositivo elettronico (PC, tablet, ecc.) durante la navigazione in un sito web. I cookies vengono poi rinviati al sito web di origine nel corso di ogni successiva navigazione, oppure vengono inviati ad un diverso sito web che sia in grado di riconoscere quello specifico cookie. I cookies agiscono come una memoria per un sito web, consentendo che il sito web riconosca il tuo dispositivo ad ogni tua visita successiva a quel medesimo sito.<\/p>\n\n\n\n<p>I cookies consentono, inoltre, di memorizzare le tue preferenze di navigazione offrendo un\u2019esperienza pi\u00f9 funzionale del sito, rendendo il contenuto del sito il pi\u00f9 personalizzato possibile.<\/p>\n\n\n\n<p>Per tali motivi anche il server Web di Biscuitway, durante la navigazione del proprio sito, pu\u00f2 scambiare dei cookies con gli elaboratori degli utenti attraverso l\u2019utilizzo di cookies tecnici di prima e terza parte.<\/p>\n\n\n\n<p>Ogni utente, se preferisce, pu\u00f2 comunque impostare il proprio browser in maniera tale da ricevere un avvertimento della presenza di un cookie e decidere se accettarlo o rifiutarlo. \u00c8 possibile anche rifiutare automaticamente la ricezione dei cookies attivando l&#8217;apposita opzione del browser: il mancato utilizzo dei cookies, tuttavia, potrebbe comportare difficolt\u00e0 nell&#8217;interazione con il sito di Biscuitway.<\/p>\n\n\n\n<p>Per maggiori informazioni sui cookies e su come si possono gestire ed eliminare \u00e8 possibile consultare l\u2019apposita informativa sui cookies di Biscuitway al seguente link: <a href=\"https:\/\/biscuitway.com\/it\/cookies\/\">https:\/\/biscuitway.com\/it\/cookies\/<\/a>.<\/p>\n\n\n\n<p><strong>Facoltativit\u00e0 del conferimento dei dati personali<\/strong><\/p>\n\n\n\n<p>A parte quanto specificato per i dati di navigazione, l&#8217;utente \u00e8 libero di fornire i dati personali riportati nei moduli elettronici di richiesta. Si evidenzia peraltro che il loro mancato conferimento comporta l&#8217;impossibilit\u00e0 di ottenere quanto richiesto.<\/p>\n\n\n\n<p><strong>Modalit\u00e0 di trattamento dei dati personali<\/strong><\/p>\n\n\n\n<p>I dati personali sono trattati con strumenti informatici automatizzati e non, per il solo tempo strettamente necessario a conseguire gli scopi per cui sono stati raccolti. Specifiche misure di sicurezza sono osservate per prevenire la perdita dei dati, usi illeciti o non corretti ed accessi non autorizzati.<\/p>\n\n\n\n<p><strong>Diritti dell\u2019interessato<\/strong><\/p>\n\n\n\n<p>I soggetti cui si riferiscono i dati personali hanno il diritto in qualunque momento di ottenere la conferma dell&#8217;esistenza o meno dei medesimi dati e di conoscerne il contenuto e l&#8217;origine, verificarne l&#8217;esattezza o chiederne l&#8217;integrazione o l&#8217;aggiornamento, oppure la rettifica (artt. 15 e 16 del GDPR). Inoltre, gli interessati hanno il diritto di chiedere la cancellazione, la limitazione al trattamento, la revoca del consenso, la portabilit\u00e0 dei dati nonch\u00e9 di proporre reclamo all\u2019autorit\u00e0 di controllo e di opporsi in ogni caso, per motivi legittimi, al loro trattamento (art. 17 e ss. del GDPR). Tali diritti sono esercitabili mediante comunicazione scritta da inviarsi a: info@biscuitway.com.<\/p>\n\n\n\n<p>Il Titolare provveder\u00e0 a prendere in carico la richiesta e a fornire, senza ingiustificato ritardo, le informazioni relative all\u2019azione intrapresa con la richiesta.<\/p>\n","protected":false},"excerpt":{"rendered":"<p>INFORMATIVA PRIVACY Ai sensi del Regolamento UE 2016\/679 (di seguito \u201cGDPR\u201d) e della normativa nazionale vigente in materia di protezione dei dati personali (di seguito la \u201cNormativa Privacy\u201d), Biscuitway S.R.L. con sede in Catania, Via Cardinale Pappalardo, 23 (di seguito \u201cBiscuitway\u201d o il \u201cTitolare\u201d), in qualit\u00e0 di Titolare del trattamento, \u00e8 tenuta a fornire l\u2019Informativa [&hellip;]<\/p>\n","protected":false},"author":1,"featured_media":0,"parent":0,"menu_order":20,"comment_status":"closed","ping_status":"closed","template":"template-privacy-policy.php","meta":{"footnotes":""},"class_list":["post-147","page","type-page","status-publish","hentry"],"yoast_head":"<!-- This site is optimized with the Yoast SEO plugin v16.2 - https:\/\/yoast.com\/wordpress\/plugins\/seo\/ -->\n<title>Privacy and data protection policy - Biscuitway<\/title>\n<meta name=\"robots\" content=\"index, follow, max-snippet:-1, max-image-preview:large, max-video-preview:-1\" \/>\n<link rel=\"canonical\" href=\"https:\/\/biscuitway.com\/it\/privacy-policy-2\/\" \/>\n<meta property=\"og:locale\" content=\"it_IT\" \/>\n<meta property=\"og:type\" content=\"article\" \/>\n<meta property=\"og:title\" content=\"Privacy and data protection policy - Biscuitway\" \/>\n<meta property=\"og:description\" content=\"INFORMATIVA PRIVACY Ai sensi del Regolamento UE 2016\/679 (di seguito \u201cGDPR\u201d) e della normativa nazionale vigente in materia di protezione dei dati personali (di seguito la \u201cNormativa Privacy\u201d), Biscuitway S.R.L. con sede in Catania, Via Cardinale Pappalardo, 23 (di seguito \u201cBiscuitway\u201d o il \u201cTitolare\u201d), in qualit\u00e0 di Titolare del trattamento, \u00e8 tenuta a fornire l\u2019Informativa [&hellip;]\" \/>\n<meta property=\"og:url\" content=\"https:\/\/biscuitway.com\/it\/privacy-policy-2\/\" \/>\n<meta property=\"og:site_name\" content=\"Biscuitway\" \/>\n<meta property=\"article:modified_time\" content=\"2024-03-29T15:03:00+00:00\" \/>\n<meta property=\"og:image\" content=\"https:\/\/biscuitway.com\/wp-content\/uploads\/2021\/08\/opengraph.jpg\" \/>\n\t<meta property=\"og:image:width\" content=\"1200\" \/>\n\t<meta property=\"og:image:height\" content=\"628\" \/>\n<meta name=\"twitter:card\" content=\"summary_large_image\" \/>\n<meta name=\"twitter:label1\" content=\"Tempo di lettura stimato\">\n\t<meta name=\"twitter:data1\" content=\"5 minuti\">\n<script type=\"application\/ld+json\" class=\"yoast-schema-graph\">{\"@context\":\"https:\/\/schema.org\",\"@graph\":[{\"@type\":\"WebSite\",\"@id\":\"https:\/\/biscuitway.com\/it\/#website\",\"url\":\"https:\/\/biscuitway.com\/it\/\",\"name\":\"Biscuitway\",\"description\":\"Just another WordPress site\",\"potentialAction\":[{\"@type\":\"SearchAction\",\"target\":\"https:\/\/biscuitway.com\/it\/?s={search_term_string}\",\"query-input\":\"required name=search_term_string\"}],\"inLanguage\":\"it-IT\"},{\"@type\":\"WebPage\",\"@id\":\"https:\/\/biscuitway.com\/it\/privacy-policy-2\/#webpage\",\"url\":\"https:\/\/biscuitway.com\/it\/privacy-policy-2\/\",\"name\":\"Privacy and data protection policy - Biscuitway\",\"isPartOf\":{\"@id\":\"https:\/\/biscuitway.com\/it\/#website\"},\"datePublished\":\"2021-05-12T15:59:26+00:00\",\"dateModified\":\"2024-03-29T15:03:00+00:00\",\"breadcrumb\":{\"@id\":\"https:\/\/biscuitway.com\/it\/privacy-policy-2\/#breadcrumb\"},\"inLanguage\":\"it-IT\",\"potentialAction\":[{\"@type\":\"ReadAction\",\"target\":[\"https:\/\/biscuitway.com\/it\/privacy-policy-2\/\"]}]},{\"@type\":\"BreadcrumbList\",\"@id\":\"https:\/\/biscuitway.com\/it\/privacy-policy-2\/#breadcrumb\",\"itemListElement\":[{\"@type\":\"ListItem\",\"position\":1,\"item\":{\"@type\":\"WebPage\",\"@id\":\"https:\/\/biscuitway.com\/it\/\",\"url\":\"https:\/\/biscuitway.com\/it\/\",\"name\":\"Home\"}},{\"@type\":\"ListItem\",\"position\":2,\"item\":{\"@id\":\"https:\/\/biscuitway.com\/it\/privacy-policy-2\/#webpage\"}}]}]}<\/script>\n<!-- \/ Yoast SEO plugin. -->","_links":{"self":[{"href":"https:\/\/biscuitway.com\/it\/wp-json\/wp\/v2\/pages\/147","targetHints":{"allow":["GET"]}}],"collection":[{"href":"https:\/\/biscuitway.com\/it\/wp-json\/wp\/v2\/pages"}],"about":[{"href":"https:\/\/biscuitway.com\/it\/wp-json\/wp\/v2\/types\/page"}],"author":[{"embeddable":true,"href":"https:\/\/biscuitway.com\/it\/wp-json\/wp\/v2\/users\/1"}],"replies":[{"embeddable":true,"href":"https:\/\/biscuitway.com\/it\/wp-json\/wp\/v2\/comments?post=147"}],"version-history":[{"count":3,"href":"https:\/\/biscuitway.com\/it\/wp-json\/wp\/v2\/pages\/147\/revisions"}],"predecessor-version":[{"id":6034,"href":"https:\/\/biscuitway.com\/it\/wp-json\/wp\/v2\/pages\/147\/revisions\/6034"}],"wp:attachment":[{"href":"https:\/\/biscuitway.com\/it\/wp-json\/wp\/v2\/media?parent=147"}],"curies":[{"name":"wp","href":"https:\/\/api.w.org\/{rel}","templated":true}]}}